{"id":906,"date":"2022-02-02T10:23:57","date_gmt":"2022-02-02T10:23:57","guid":{"rendered":"https:\/\/hitechas.com\/de\/index.php\/home\/"},"modified":"2023-10-02T14:37:00","modified_gmt":"2023-10-02T11:37:00","slug":"home","status":"publish","type":"page","link":"https:\/\/hitechas.com\/de\/","title":{"rendered":"Home"},"content":{"rendered":"\n<div class=\"wp-block-uagb-container uag-blocks-common-selector uagb-block-bb910256 alignfull uagb-is-root-container\"><div class=\"uagb-container__video-wrap\"><video autoplay loop muted playsinline><source src=\"https:\/\/hitechas.com\/de\/wp-content\/uploads\/2023\/10\/Adsiz-tasarim-1.mp4\" type=\"video\/mp4\"\/><\/video><\/div>\n<div style=\"height:200px\" aria-hidden=\"true\" class=\"wp-block-spacer\"><\/div>\n\n\n\n<div class=\"wp-block-uagb-advanced-heading uagb-block-c6dd9246\"><h1 class=\"uagb-heading-text\">HITECH<\/h1><p class=\"uagb-desc-text\">Au\u00dfenhandel Aktiengesellschaft<\/p><\/div>\n<\/div>\n\n\n\n<div style=\"height:100px\" aria-hidden=\"true\" class=\"wp-block-spacer\"><\/div>\n\n\n\n<div data-aos= \"fade-down\" data-aos-duration=\"400\" data-aos-delay=\"0\" data-aos-easing=\"ease\" data-aos-once=\"true\" class=\"wp-block-uagb-container uagb-block-3beb29e0 alignfull uagb-is-root-container\"><div class=\"uagb-container-inner-blocks-wrap\">\n<div data-aos= \"fade-up\" data-aos-duration=\"400\" data-aos-delay=\"0\" data-aos-easing=\"ease\" data-aos-once=\"true\" class=\"wp-block-uagb-container uagb-block-03b9e64b\">\n<div class=\"wp-block-uagb-info-box uagb-block-d2bf344e uagb-infobox__content-wrap  uagb-infobox_cta-type-all uagb-infobox-icon-above-title uagb-infobox-image-valign-top\"><a href=\"https:\/\/hitechas.com\/de\/yangin-sondurme\/\" class=\"uagb-infobox-link-wrap uagb-infbox__link-to-all\" target=\"_blank\" aria-label=\"Infobox Link\" rel=\"noopener noreferrer\" onclick=\"return true;\"><\/a><div class=\"uagb-ifb-content\"><div class=\"uagb-ifb-image-content\"><img decoding=\"async\" src=\"http:\/\/hitechas.com\/wp-content\/uploads\/2023\/08\/resim_2023-08-11_155027026-300x200.png\" alt=\"\" width=\"\" height=\"0\" loading=\"lazy\"\/><\/div><div class=\"uagb-ifb-title-wrap\"><h4 class=\"uagb-ifb-title\">Brandbek\u00e4mpfung<\/h4><\/div><div class=\"uagb-ifb-button-wrapper wp-block-button\"><\/div><\/div><\/div>\n<\/div>\n\n\n\n<div data-aos= \"fade-up\" data-aos-duration=\"400\" data-aos-delay=\"0\" data-aos-easing=\"ease\" data-aos-once=\"true\" class=\"wp-block-uagb-container uagb-block-85e847e8\">\n<div class=\"wp-block-uagb-info-box uagb-block-95b78471 uagb-infobox__content-wrap  uagb-infobox_cta-type-all uagb-infobox-icon-above-title uagb-infobox-image-valign-top uag-blocks-common-selector\" style=\"--z-index-desktop:210;;--z-index-tablet:undefined;;--z-index-mobile:undefined;\"><a href=\"https:\/\/hitechas.com\/de\/chemischer-schutz\/\" class=\"uagb-infobox-link-wrap uagb-infbox__link-to-all\" target=\"_blank\" aria-label=\"Infobox Link\" rel=\"noopener noreferrer\" onclick=\"return true;\"><\/a><div class=\"uagb-ifb-content\"><div class=\"uagb-ifb-image-content\"><img decoding=\"async\" src=\"http:\/\/hitechas.com\/wp-content\/uploads\/2023\/08\/resim_2023-08-11_154807254-300x200.png\" alt=\"\" width=\"\" height=\"0\" loading=\"lazy\"\/><\/div><div class=\"uagb-ifb-title-wrap\"><h4 class=\"uagb-ifb-title\">Chemischer Konservierungsstoff<\/h4><\/div><div class=\"uagb-ifb-button-wrapper wp-block-button\"><\/div><\/div><\/div>\n<\/div>\n\n\n\n<div class=\"wp-block-uagb-container uagb-block-044e5773\">\n<div data-aos= \"fade-up\" data-aos-duration=\"400\" data-aos-delay=\"0\" data-aos-easing=\"ease\" data-aos-once=\"true\" class=\"wp-block-uagb-container uag-blocks-common-selector uagb-block-9755fb4b\">\n<div class=\"wp-block-uagb-info-box uagb-block-1fb895e9 uagb-infobox__content-wrap  uagb-infobox_cta-type-all uagb-infobox-icon-above-title uagb-infobox-image-valign-top\"><a href=\"https:\/\/hitechas.com\/de\/suche-rettung\/\" class=\"uagb-infobox-link-wrap uagb-infbox__link-to-all\" target=\"_blank\" aria-label=\"Infobox Link\" rel=\"noopener noreferrer\" onclick=\"return true;\"><\/a><div class=\"uagb-ifb-content\"><div class=\"uagb-ifb-image-content\"><img decoding=\"async\" src=\"http:\/\/hitechas.com\/wp-content\/uploads\/2023\/08\/resim_2023-08-11_155323846-300x182.png\" alt=\"\" width=\"\" height=\"0\" loading=\"lazy\"\/><\/div><div class=\"uagb-ifb-title-wrap\"><span class=\"uagb-ifb-title-prefix\"> <br><\/span><h4 class=\"uagb-ifb-title\">Suche und Rettung<\/h4><\/div><div class=\"uagb-ifb-button-wrapper wp-block-button\"><\/div><\/div><\/div>\n<\/div>\n<\/div>\n<\/div><\/div>\n\n\n\n<div style=\"height:100px\" aria-hidden=\"true\" class=\"wp-block-spacer\"><\/div>\n\n\n\n<div data-aos= \"fade-down\" data-aos-duration=\"400\" data-aos-delay=\"0\" data-aos-easing=\"ease\" data-aos-once=\"true\" class=\"wp-block-uagb-container uagb-block-c41f742b alignfull uagb-is-root-container\"><div class=\"uagb-container-inner-blocks-wrap\">\n<div data-aos= \"fade-up\" data-aos-duration=\"400\" data-aos-delay=\"0\" data-aos-easing=\"ease\" data-aos-once=\"true\" class=\"wp-block-uagb-container uagb-block-1e934ea7\">\n<div class=\"wp-block-uagb-info-box uagb-block-3342748b uagb-infobox__content-wrap  uagb-infobox_cta-type-all uagb-infobox-icon-above-title uagb-infobox-image-valign-top\"><a href=\"https:\/\/hitechas.com\/de\/bergbau\/\" class=\"uagb-infobox-link-wrap uagb-infbox__link-to-all\" target=\"_blank\" aria-label=\"Infobox Link\" rel=\"noopener noreferrer\" onclick=\"return true;\"><\/a><div class=\"uagb-ifb-content\"><div class=\"uagb-ifb-image-content\"><img decoding=\"async\" src=\"http:\/\/hitechas.com\/wp-content\/uploads\/2023\/08\/resim_2023-08-11_221413096-300x200.png\" alt=\"\" width=\"\" height=\"0\" loading=\"lazy\"\/><\/div><div class=\"uagb-ifb-title-wrap\"><h4 class=\"uagb-ifb-title\">Bergbau<\/h4><\/div><div class=\"uagb-ifb-button-wrapper wp-block-button\"><\/div><\/div><\/div>\n<\/div>\n\n\n\n<div data-aos= \"fade-up\" data-aos-duration=\"400\" data-aos-delay=\"0\" data-aos-easing=\"ease\" data-aos-once=\"true\" class=\"wp-block-uagb-container uagb-block-67980c4e\">\n<div class=\"wp-block-uagb-info-box uagb-block-59ac31f2 uagb-infobox__content-wrap  uagb-infobox_cta-type-all uagb-infobox-icon-above-title uagb-infobox-image-valign-top uag-blocks-common-selector\" style=\"--z-index-desktop:210;;--z-index-tablet:undefined;;--z-index-mobile:undefined;\"><a href=\"https:\/\/hitechas.com\/de\/erdol-erdolprodukte\/\" class=\"uagb-infobox-link-wrap uagb-infbox__link-to-all\" target=\"_blank\" aria-label=\"Infobox Link\" rel=\"noopener noreferrer\" onclick=\"return true;\"><\/a><div class=\"uagb-ifb-content\"><div class=\"uagb-ifb-image-content\"><img decoding=\"async\" src=\"http:\/\/hitechas.com\/wp-content\/uploads\/2023\/08\/resim_2023-08-11_221318143-300x170.png\" alt=\"\" width=\"\" height=\"0\" loading=\"lazy\"\/><\/div><div class=\"uagb-ifb-title-wrap\"><h4 class=\"uagb-ifb-title\"><br>Erd\u00f6l &amp; Erd\u00f6lprodukte<\/h4><\/div><div class=\"uagb-ifb-button-wrapper wp-block-button\"><\/div><\/div><\/div>\n<\/div>\n\n\n\n<div class=\"wp-block-uagb-container uagb-block-d8b495e7\">\n<div data-aos= \"fade-up\" data-aos-duration=\"400\" data-aos-delay=\"0\" data-aos-easing=\"ease\" data-aos-once=\"true\" class=\"wp-block-uagb-container uagb-block-5b5b69dc\">\n<div class=\"wp-block-uagb-info-box uagb-block-5527414a uagb-infobox__content-wrap  uagb-infobox_cta-type-all uagb-infobox-icon-above-title uagb-infobox-image-valign-top\"><a href=\"https:\/\/hitechas.com\/de\/bitumen\/\" class=\"uagb-infobox-link-wrap uagb-infbox__link-to-all\" target=\"_blank\" aria-label=\"Infobox Link\" rel=\"noopener noreferrer\" onclick=\"return true;\"><\/a><div class=\"uagb-ifb-content\"><div class=\"uagb-ifb-image-content\"><img decoding=\"async\" src=\"http:\/\/hitechas.com\/wp-content\/uploads\/2023\/08\/resim_2023-08-11_221233407.png\" alt=\"\" width=\"\" height=\"0\" loading=\"lazy\"\/><\/div><div class=\"uagb-ifb-title-wrap\"><h4 class=\"uagb-ifb-title\">Bitumen<\/h4><\/div><div class=\"uagb-ifb-button-wrapper wp-block-button\"><\/div><\/div><\/div>\n<\/div>\n<\/div>\n<\/div><\/div>\n\n\n\n<div style=\"height:100px\" aria-hidden=\"true\" class=\"wp-block-spacer\"><\/div>\n\n\n\n<div class=\"wp-block-uagb-container uag-blocks-common-selector uagb-block-d4361547 alignfull uagb-is-root-container\"><div class=\"uagb-container-inner-blocks-wrap\">\n<div class=\"wp-block-uagb-advanced-heading uagb-block-3dd97878\"><h2 class=\"uagb-heading-text\">Hochwertig und Schnell<\/h2><\/div>\n\n\n\n<p class=\"has-text-align-center has-ast-global-color-5-color has-text-color has-medium-font-size\">Hitech Au\u00dfenhandel Aktiengesellschaft&#8221; als, wir sind stolz darauf, in der Branche f\u00fchrend zu sein, wenn es um Feuerwehr- und Rettungsteams sowie Sicherheitsdienste geht. Unsere Mission ist es, die Sicherheit von Menschen und Eigentum auf h\u00f6chstem Niveau zu gew\u00e4hrleisten, die F\u00e4higkeit zur Bew\u00e4ltigung von Br\u00e4nden und Notf\u00e4llen zu st\u00e4rken und hochwertige Ausr\u00fcstung und Dienstleistungen anzubieten, um Leben zu sch\u00fctzen<\/p>\n<\/div><\/div>\n\n\n\n<div class=\"wp-block-uagb-container uagb-block-64303c90 alignfull uagb-is-root-container\"><div class=\"uagb-container-inner-blocks-wrap\">\n<div class=\"wp-block-uagb-advanced-heading uagb-block-ce3b976c\"><h2 class=\"uagb-heading-text\">UNSERE PARTNERMARKEN<\/h2><\/div>\n\n\n\n<div class=\"wp-block-uagb-container uagb-block-1bfdf68c alignfull uagb-is-root-container\"><div class=\"uagb-container-inner-blocks-wrap\">\n<div class=\"wp-block-uagb-container uagb-block-9ff2e7e7\">\n<div class=\"wp-block-uagb-info-box uagb-block-cbb40a2d uagb-infobox__content-wrap  uagb-infobox_cta-type-all uagb-infobox-icon-above-title uagb-infobox-image-valign-top\"><a href=\"https:\/\/tesimax.de\/en\/\" class=\"uagb-infobox-link-wrap uagb-infbox__link-to-all\" target=\"_blank\" aria-label=\"Infobox Link\" rel=\"noopener noreferrer\" onclick=\"return true;\"><\/a><div class=\"uagb-ifb-content\"><div class=\"uagb-ifb-image-content\"><img decoding=\"async\" src=\"http:\/\/hitechas.com\/wp-content\/uploads\/2023\/08\/tesimax.jpg\" alt=\"\" width=\"\" height=\"0\" loading=\"lazy\"\/><\/div><div class=\"uagb-ifb-title-wrap\"><h6 class=\"uagb-ifb-title\"><a href=\"https:\/\/tesimax.de\/en\/\">TESIMAX W\u00e4rmeschutz<\/a><\/h6><\/div><div class=\"uagb-ifb-button-wrapper wp-block-button\"><\/div><\/div><\/div>\n<\/div>\n\n\n\n<div class=\"wp-block-uagb-container uagb-block-42af2db5\">\n<div class=\"wp-block-uagb-info-box uagb-block-d1d75e92 uagb-infobox__content-wrap  uagb-infobox_cta-type-all uagb-infobox-icon-above-title uagb-infobox-image-valign-top\"><a href=\"https:\/\/www.texport.at\/en\/\" class=\"uagb-infobox-link-wrap uagb-infbox__link-to-all\" target=\"_blank\" aria-label=\"Infobox Link\" rel=\"noopener noreferrer\" onclick=\"return true;\"><\/a><div class=\"uagb-ifb-content\"><div class=\"uagb-ifb-image-content\"><img decoding=\"async\" src=\"http:\/\/hitechas.com\/wp-content\/uploads\/2023\/08\/texport.jpg\" alt=\"\" width=\"\" height=\"0\" loading=\"lazy\"\/><\/div><div class=\"uagb-ifb-title-wrap\"><h6 class=\"uagb-ifb-title\"><a href=\"https:\/\/www.texport.at\/en\/\">TEXPORT Feuerwehrausr\u00fcstungen<\/a><\/h6><\/div><div class=\"uagb-ifb-button-wrapper wp-block-button\"><\/div><\/div><\/div>\n<\/div>\n\n\n\n<div class=\"wp-block-uagb-container uagb-block-e7e0bef5\">\n<div class=\"wp-block-uagb-info-box uagb-block-d8282747 uagb-infobox__content-wrap  uagb-infobox_cta-type-all uagb-infobox-icon-above-title uagb-infobox-image-valign-top\"><a href=\"sicor-sureco.com\" class=\"uagb-infobox-link-wrap uagb-infbox__link-to-all\" target=\"_blank\" aria-label=\"Infobox Link\" rel=\"noopener noreferrer\" onclick=\"return true;\"><\/a><div class=\"uagb-ifb-content\"><div class=\"uagb-ifb-image-content\"><img decoding=\"async\" src=\"http:\/\/hitechas.com\/wp-content\/uploads\/2023\/08\/sicor.jpg\" alt=\"\" width=\"\" height=\"0\" loading=\"lazy\"\/><\/div><div class=\"uagb-ifb-title-wrap\"><h6 class=\"uagb-ifb-title\"><a href=\"https:\/\/www.sicor-sureco.com\/it\/\">S\u0130COR Feuerwehrhelm<\/a><\/h6><\/div><div class=\"uagb-ifb-button-wrapper wp-block-button\"><\/div><\/div><\/div>\n<\/div>\n<\/div><\/div>\n\n\n\n<div class=\"wp-block-uagb-container uagb-block-2667000b alignfull uagb-is-root-container\"><div class=\"uagb-container-inner-blocks-wrap\">\n<div class=\"wp-block-uagb-container uagb-block-02d290af\">\n<div class=\"wp-block-uagb-info-box uagb-block-da96b705 uagb-infobox__content-wrap  uagb-infobox-icon-above-title uagb-infobox-image-valign-top\"><div class=\"uagb-ifb-content\"><div class=\"uagb-ifb-image-content\"><img decoding=\"async\" src=\"http:\/\/hitechas.com\/wp-content\/uploads\/2023\/08\/eska.jpg\" alt=\"\" width=\"\" height=\"0\" loading=\"lazy\"\/><\/div><div class=\"uagb-ifb-title-wrap\"><h6 class=\"uagb-ifb-title\"><strong><a href=\"https:\/\/hitechas.com\/?customize_changeset_uuid=94e2f9ed-3a00-4310-8e6f-f01456d630fe&amp;customize_theme=astra&amp;customize_messenger_channel=preview-0#\">ESKA Feuerwehrhandschuhe<\/a><\/strong><\/h6><\/div><\/div><\/div>\n<\/div>\n\n\n\n<div class=\"wp-block-uagb-container uagb-block-3489c098\">\n<div class=\"wp-block-uagb-info-box uagb-block-2b7ebb30 uagb-infobox__content-wrap  uagb-infobox-icon-above-title uagb-infobox-image-valign-top\"><div class=\"uagb-ifb-content\"><div class=\"uagb-ifb-image-content\"><img decoding=\"async\" src=\"http:\/\/hitechas.com\/wp-content\/uploads\/2023\/08\/fal.jpg\" alt=\"\" width=\"\" height=\"0\" loading=\"lazy\"\/><\/div><div class=\"uagb-ifb-title-wrap\"><h6 class=\"uagb-ifb-title\"><a href=\"https:\/\/hitechas.com\/?customize_changeset_uuid=94e2f9ed-3a00-4310-8e6f-f01456d630fe&amp;customize_theme=astra&amp;customize_messenger_channel=preview-0#\">FAL Feuerwehrstiefel<\/a><\/h6><\/div><\/div><\/div>\n<\/div>\n\n\n\n<div class=\"wp-block-uagb-container uagb-block-78d53ed4\">\n<div class=\"wp-block-uagb-info-box uagb-block-b6c6d67f uagb-infobox__content-wrap  uagb-infobox-icon-above-title uagb-infobox-image-valign-top\"><div class=\"uagb-ifb-content\"><div class=\"uagb-ifb-image-content\"><img decoding=\"async\" src=\"http:\/\/hitechas.com\/wp-content\/uploads\/2023\/08\/awg.jpg\" alt=\"\" width=\"\" height=\"0\" loading=\"lazy\"\/><\/div><div class=\"uagb-ifb-title-wrap\"><h6 class=\"uagb-ifb-title\"><a href=\"https:\/\/awg-fittings.com\/\">AWG Monitore<\/a><\/h6><\/div><\/div><\/div>\n<\/div>\n<\/div><\/div>\n\n\n\n<div class=\"wp-block-uagb-container uagb-block-b0af130f alignfull uagb-is-root-container\"><div class=\"uagb-container-inner-blocks-wrap\">\n<div class=\"wp-block-uagb-container uagb-block-8fe5d827\">\n<div class=\"wp-block-uagb-info-box uagb-block-688ccaec uagb-infobox__content-wrap  uagb-infobox-icon-above-title uagb-infobox-image-valign-top\"><div class=\"uagb-ifb-content\"><div class=\"uagb-ifb-image-content\"><img decoding=\"async\" src=\"http:\/\/hitechas.com\/wp-content\/uploads\/2023\/08\/pip.jpg\" alt=\"\" width=\"\" height=\"0\" loading=\"lazy\"\/><\/div><div class=\"uagb-ifb-title-wrap\"><h6 class=\"uagb-ifb-title\"><a href=\"https:\/\/eu.pipglobal.com\/en\/\">PIP Schutzhandschuhe aus<\/a><\/h6><\/div><\/div><\/div>\n<\/div>\n\n\n\n<div class=\"wp-block-uagb-container uagb-block-27ef260e\">\n<div class=\"wp-block-uagb-info-box uagb-block-fd57f958 uagb-infobox__content-wrap  uagb-infobox-icon-above-title uagb-infobox-image-valign-top\"><div class=\"uagb-ifb-content\"><div class=\"uagb-ifb-image-content\"><img decoding=\"async\" src=\"http:\/\/hitechas.com\/wp-content\/uploads\/2023\/08\/esp.jpg\" alt=\"\" width=\"\" height=\"0\" loading=\"lazy\"\/><\/div><div class=\"uagb-ifb-title-wrap\"><h6 class=\"uagb-ifb-title\"><a href=\"https:\/\/hitechas.com\/?customize_changeset_uuid=94e2f9ed-3a00-4310-8e6f-f01456d630fe&amp;customize_theme=astra&amp;customize_messenger_channel=preview-0#\">Atemschutz<\/a><\/h6><\/div><\/div><\/div>\n<\/div>\n\n\n\n<div class=\"wp-block-uagb-container uagb-block-25590e16\">\n<div class=\"wp-block-uagb-info-box uagb-block-a9230011 uagb-infobox__content-wrap  uagb-infobox-icon-above-title uagb-infobox-image-valign-top\"><div class=\"uagb-ifb-content\"><div class=\"uagb-ifb-image-content\"><img decoding=\"async\" src=\"http:\/\/hitechas.com\/wp-content\/uploads\/2023\/08\/butyl.jpg\" alt=\"\" width=\"\" height=\"0\" loading=\"lazy\"\/><\/div><div class=\"uagb-ifb-title-wrap\"><h6 class=\"uagb-ifb-title\"><a href=\"https:\/\/hitechas.com\/?customize_changeset_uuid=94e2f9ed-3a00-4310-8e6f-f01456d630fe&amp;customize_theme=astra&amp;customize_messenger_channel=preview-0#\">Butyltanks<\/a><\/h6><\/div><\/div><\/div>\n<\/div>\n<\/div><\/div>\n<\/div><\/div>\n\n\n\n<div class=\"wp-block-uagb-container uag-blocks-common-selector uagb-block-9096c3c0 alignfull uagb-is-root-container\"><div class=\"uagb-container-inner-blocks-wrap\">\n<div class=\"wp-block-uagb-advanced-heading uagb-block-809e3ba9\"><h2 class=\"uagb-heading-text\">Wie und wann wir an Ihrer Seite sein werden<\/h2><\/div>\n\n\n\n<div class=\"wp-block-uagb-advanced-heading uagb-block-27489c85\"><h2 class=\"uagb-heading-text\">Wir wissen, wie wir Sie sch\u00fctzen k\u00f6nnen.<\/h2><\/div>\n<\/div><\/div>\n","protected":false},"excerpt":{"rendered":"<p>HITECH Au\u00dfenhandel Aktiengesellschaft Hochwertig und Schnell Hitech Au\u00dfenhandel Aktiengesellschaft&#8221; als, wir sind stolz darauf, in der Branche f\u00fchrend zu sein, wenn es um Feuerwehr- und Rettungsteams sowie Sicherheitsdienste geht. Unsere Mission ist es, die Sicherheit von Menschen und Eigentum auf h\u00f6chstem Niveau zu gew\u00e4hrleisten, die F\u00e4higkeit zur Bew\u00e4ltigung von Br\u00e4nden und Notf\u00e4llen zu st\u00e4rken und &hellip;<\/p>\n<p class=\"read-more\"> <a class=\"\" href=\"https:\/\/hitechas.com\/de\/\"> <span class=\"screen-reader-text\">Home<\/span> Read More &raquo;<\/a><\/p>\n","protected":false},"author":1,"featured_media":0,"parent":0,"menu_order":0,"comment_status":"closed","ping_status":"closed","template":"","meta":{"_uag_custom_page_level_css":"","site-sidebar-layout":"default","site-content-layout":"plain-container","ast-site-content-layout":"full-width-container","site-content-style":"unboxed","site-sidebar-style":"unboxed","ast-global-header-display":"","ast-banner-title-visibility":"disabled","ast-main-header-display":"","ast-hfb-above-header-display":"","ast-hfb-below-header-display":"","ast-hfb-mobile-header-display":"","site-post-title":"disabled","ast-breadcrumbs-content":"","ast-featured-img":"disabled","footer-sml-layout":"","theme-transparent-header-meta":"enabled","adv-header-id-meta":"","stick-header-meta":"","header-above-stick-meta":"","header-main-stick-meta":"","header-below-stick-meta":"","astra-migrate-meta-layouts":"set","footnotes":""},"uagb_featured_image_src":{"full":false,"thumbnail":false,"medium":false,"medium_large":false,"large":false,"1536x1536":false,"2048x2048":false},"uagb_author_info":{"display_name":"mustanoglu.com","author_link":"https:\/\/hitechas.com\/de\/author\/mustanoglu-com\/"},"uagb_comment_info":0,"uagb_excerpt":"HITECH Au\u00dfenhandel Aktiengesellschaft Hochwertig und Schnell Hitech Au\u00dfenhandel Aktiengesellschaft&#8221; als, wir sind stolz darauf, in der Branche f\u00fchrend zu sein, wenn es um Feuerwehr- und Rettungsteams sowie Sicherheitsdienste geht. Unsere Mission ist es, die Sicherheit von Menschen und Eigentum auf h\u00f6chstem Niveau zu gew\u00e4hrleisten, die F\u00e4higkeit zur Bew\u00e4ltigung von Br\u00e4nden und Notf\u00e4llen zu st\u00e4rken und&hellip;","_links":{"self":[{"href":"https:\/\/hitechas.com\/de\/wp-json\/wp\/v2\/pages\/906"}],"collection":[{"href":"https:\/\/hitechas.com\/de\/wp-json\/wp\/v2\/pages"}],"about":[{"href":"https:\/\/hitechas.com\/de\/wp-json\/wp\/v2\/types\/page"}],"author":[{"embeddable":true,"href":"https:\/\/hitechas.com\/de\/wp-json\/wp\/v2\/users\/1"}],"replies":[{"embeddable":true,"href":"https:\/\/hitechas.com\/de\/wp-json\/wp\/v2\/comments?post=906"}],"version-history":[{"count":12,"href":"https:\/\/hitechas.com\/de\/wp-json\/wp\/v2\/pages\/906\/revisions"}],"predecessor-version":[{"id":1504,"href":"https:\/\/hitechas.com\/de\/wp-json\/wp\/v2\/pages\/906\/revisions\/1504"}],"wp:attachment":[{"href":"https:\/\/hitechas.com\/de\/wp-json\/wp\/v2\/media?parent=906"}],"curies":[{"name":"wp","href":"https:\/\/api.w.org\/{rel}","templated":true}]}}