{"id":1400,"date":"2023-08-14T17:51:04","date_gmt":"2023-08-14T14:51:04","guid":{"rendered":"https:\/\/hitechas.com\/de\/?page_id=1400"},"modified":"2023-08-15T00:10:01","modified_gmt":"2023-08-14T21:10:01","slug":"suche-rettung","status":"publish","type":"page","link":"https:\/\/hitechas.com\/de\/suche-rettung\/","title":{"rendered":"Suche &amp; Rettung"},"content":{"rendered":"\n<div class=\"wp-block-uagb-container uag-blocks-common-selector uagb-block-bb910256 alignfull uagb-is-root-container\"><\/div>\n\n\n\n<div class=\"wp-block-uagb-container uag-blocks-common-selector uagb-block-e838bbd4 alignfull uagb-is-root-container\"><div class=\"uagb-container-inner-blocks-wrap\">\n<div class=\"wp-block-uagb-container uag-blocks-common-selector uagb-block-c6c970bf alignfull uagb-is-root-container\"><div class=\"uagb-container-inner-blocks-wrap\">\n<div class=\"wp-block-uagb-advanced-heading uagb-block-c6dd9246\"><h1 class=\"uagb-heading-text\">Suche &amp; Rettung<\/h1><\/div>\n<\/div><\/div>\n<\/div><\/div>\n\n\n\n<div class=\"wp-block-uagb-container uag-blocks-common-selector uagb-block-131c0bbe alignfull uagb-is-root-container\"><div class=\"uagb-container-inner-blocks-wrap\">\n<div class=\"wp-block-uagb-container uagb-block-cf7669d8\">\n<div class=\"wp-block-uagb-image uagb-block-c94e820b wp-block-uagb-image--layout-default wp-block-uagb-image--effect-static wp-block-uagb-image--align-none\"><figure class=\"wp-block-uagb-image__figure\"><img decoding=\"async\" srcset=\"http:\/\/hitechas.com\/wp-content\/uploads\/2023\/08\/unnamed-1.jpg \" sizes=\"(max-width: 480px) 150px\" src=\"http:\/\/hitechas.com\/wp-content\/uploads\/2023\/08\/unnamed-1.jpg\" alt=\"\" class=\"uag-image-1415\" width=\"600\" height=\"720\" title=\"\" loading=\"lazy\"\/><\/figure><\/div>\n<\/div>\n\n\n\n<div class=\"wp-block-uagb-container uagb-block-27d78b29\">\n<div class=\"wp-block-uagb-advanced-heading uagb-block-338ee4b4\"><h2 class=\"uagb-heading-text\">HITECH<\/h2><\/div>\n\n\n\n<div class=\"wp-block-uagb-advanced-heading uagb-block-36e8d7bd\"><p class=\"uagb-desc-text\"><strong>Als &#8220;Hitech Search &amp; Rescue&#8221; haben wir mit einem weitreichenden Netzwerk von einem Ende der Welt zum anderen das Ziel, unsere Produkte der gesamten Menschheit zug\u00e4nglich zu machen. Als internationales Expertenteam bieten wir Ihnen unsere hochwertigen Materialien, sorgf\u00e4ltig ausgew\u00e4hlte Produktpalette und schnelle Beschaffungsprozesse an. Wir erweitern die Grenzen der Suche und Rettung, denn wir wissen, dass jeder Moment entscheidend ist. In Notf\u00e4llen sind wir als verl\u00e4sslicher Partner an Ihrer Seite. Unsere Produkte behalten auch unter den h\u00e4rtesten Bedingungen ihre Zuverl\u00e4ssigkeit und sind in gro\u00dfen Gebieten schnell und effektiv zug\u00e4nglich. Mit Stolz verk\u00fcnden wir, dass die Zusammenarbeit mit Hitech bedeutet, Zugang zu weltweitem Service und Qualit\u00e4t nach internationalen Standards zu erhalten. W\u00e4hrend Sie sich auf das Wesentliche konzentrieren, \u00fcbernehmen wir im Hintergrund jede Einzelheit. Der weltweite Verkauf unserer Produkte ist das sch\u00f6nste Beispiel f\u00fcr das Anbieten globaler L\u00f6sungen, das \u00dcberwinden von Grenzen und die Umwandlung von Herausforderungen in Chancen. Schlie\u00dfen Sie sich uns auf diesem Weg zum Erfolg an, denn als &#8220;Hitech Search &amp; Rescue&#8221; sind wir bei jedem Schritt an Ihrer Seite, w\u00e4hrend wir uns in alle Winkel der Welt erstrecken!<\/strong><\/p><\/div>\n<\/div>\n<\/div><\/div>\n\n\n\n<div class=\"wp-block-uagb-container uagb-block-db1e38db alignfull uagb-is-root-container\"><div class=\"uagb-container-inner-blocks-wrap\">\n<div class=\"wp-block-uagb-advanced-heading uagb-block-ba840119\"><h2 class=\"uagb-heading-text\">Die Marken, f\u00fcr die wir arbeiten.<\/h2><\/div>\n\n\n\n<div class=\"wp-block-uagb-container uagb-block-6ac059a9 alignfull uagb-is-root-container\"><div class=\"uagb-container-inner-blocks-wrap\">\n<div class=\"wp-block-uagb-container uagb-block-35f8a6cd\">\n<div class=\"wp-block-uagb-info-box uagb-block-2ee20872 uagb-infobox__content-wrap  uagb-infobox-icon-above-title uagb-infobox-image-valign-top\"><div class=\"uagb-ifb-content\"><div class=\"uagb-ifb-image-content\"><img decoding=\"async\" src=\"http:\/\/hitechas.com\/wp-content\/uploads\/2023\/08\/tesimax.jpg\" alt=\"\" width=\"\" height=\"0\" loading=\"lazy\"\/><\/div><div class=\"uagb-ifb-title-wrap\"><h6 class=\"uagb-ifb-title\"><a href=\"https:\/\/tesimax.de\/en\/\">TESIMAX W\u00e4rmeschutz<\/a><\/h6><\/div><\/div><\/div>\n<\/div>\n\n\n\n<div class=\"wp-block-uagb-container uagb-block-6414cbc6\">\n<div class=\"wp-block-uagb-info-box uagb-block-a71a8e08 uagb-infobox__content-wrap  uagb-infobox-icon-above-title uagb-infobox-image-valign-top\"><div class=\"uagb-ifb-content\"><div class=\"uagb-ifb-image-content\"><img decoding=\"async\" src=\"http:\/\/hitechas.com\/wp-content\/uploads\/2023\/08\/texport.jpg\" alt=\"\" width=\"\" height=\"0\" loading=\"lazy\"\/><\/div><div class=\"uagb-ifb-title-wrap\"><h6 class=\"uagb-ifb-title\"><a href=\"https:\/\/www.texport.at\/en\/\">TEXPORT Brandbek\u00e4mpfungsausr\u00fcstungen<\/a><\/h6><\/div><\/div><\/div>\n<\/div>\n\n\n\n<div class=\"wp-block-uagb-container uagb-block-37cc079d\">\n<div class=\"wp-block-uagb-info-box uagb-block-499a7bc6 uagb-infobox__content-wrap  uagb-infobox-icon-above-title uagb-infobox-image-valign-top\"><div class=\"uagb-ifb-content\"><div class=\"uagb-ifb-image-content\"><img decoding=\"async\" src=\"http:\/\/hitechas.com\/wp-content\/uploads\/2023\/08\/sicor.jpg\" alt=\"\" width=\"\" height=\"0\" loading=\"lazy\"\/><\/div><div class=\"uagb-ifb-title-wrap\"><h6 class=\"uagb-ifb-title\"><a href=\"https:\/\/www.sicor-sureco.com\/it\/\">SICOR Brandhelm<\/a><\/h6><\/div><\/div><\/div>\n<\/div>\n<\/div><\/div>\n\n\n\n<div class=\"wp-block-uagb-container uagb-block-373228b0 alignfull uagb-is-root-container\"><div class=\"uagb-container-inner-blocks-wrap\">\n<div class=\"wp-block-uagb-container uagb-block-e3e82a75\">\n<div class=\"wp-block-uagb-info-box uagb-block-9aef5edf uagb-infobox__content-wrap  uagb-infobox-icon-above-title uagb-infobox-image-valign-top\"><div class=\"uagb-ifb-content\"><div class=\"uagb-ifb-image-content\"><img decoding=\"async\" src=\"http:\/\/hitechas.com\/wp-content\/uploads\/2023\/08\/eska.jpg\" alt=\"\" width=\"\" height=\"0\" loading=\"lazy\"\/><\/div><div class=\"uagb-ifb-title-wrap\"><h6 class=\"uagb-ifb-title\"><strong><a href=\"https:\/\/hitechas.com\/?customize_changeset_uuid=94e2f9ed-3a00-4310-8e6f-f01456d630fe&amp;customize_theme=astra&amp;customize_messenger_channel=preview-0#\">ESKA Brandhandschuh<\/a><\/strong><\/h6><\/div><\/div><\/div>\n<\/div>\n\n\n\n<div class=\"wp-block-uagb-container uagb-block-95289a71\">\n<div class=\"wp-block-uagb-info-box uagb-block-3e8c583f uagb-infobox__content-wrap  uagb-infobox-icon-above-title uagb-infobox-image-valign-top\"><div class=\"uagb-ifb-content\"><div class=\"uagb-ifb-image-content\"><img decoding=\"async\" src=\"http:\/\/hitechas.com\/wp-content\/uploads\/2023\/08\/fal.jpg\" alt=\"\" width=\"\" height=\"0\" loading=\"lazy\"\/><\/div><div class=\"uagb-ifb-title-wrap\"><h6 class=\"uagb-ifb-title\"><a href=\"https:\/\/hitechas.com\/?customize_changeset_uuid=94e2f9ed-3a00-4310-8e6f-f01456d630fe&amp;customize_theme=astra&amp;customize_messenger_channel=preview-0#\">FAL Brandstiefel<\/a><\/h6><\/div><\/div><\/div>\n<\/div>\n\n\n\n<div class=\"wp-block-uagb-container uagb-block-bc27798e\">\n<div class=\"wp-block-uagb-info-box uagb-block-23310d1e uagb-infobox__content-wrap  uagb-infobox-icon-above-title uagb-infobox-image-valign-top\"><div class=\"uagb-ifb-content\"><div class=\"uagb-ifb-image-content\"><img decoding=\"async\" src=\"http:\/\/hitechas.com\/wp-content\/uploads\/2023\/08\/awg.jpg\" alt=\"\" width=\"\" height=\"0\" loading=\"lazy\"\/><\/div><div class=\"uagb-ifb-title-wrap\"><h6 class=\"uagb-ifb-title\"><a href=\"https:\/\/awg-fittings.com\/\">AWG Monitore<\/a><\/h6><\/div><\/div><\/div>\n<\/div>\n<\/div><\/div>\n\n\n\n<div class=\"wp-block-uagb-container uagb-block-b0af130f alignfull uagb-is-root-container\"><div class=\"uagb-container-inner-blocks-wrap\">\n<div class=\"wp-block-uagb-container uagb-block-8fe5d827\">\n<div class=\"wp-block-uagb-info-box uagb-block-688ccaec uagb-infobox__content-wrap  uagb-infobox-icon-above-title uagb-infobox-image-valign-top\"><div class=\"uagb-ifb-content\"><div class=\"uagb-ifb-image-content\"><img decoding=\"async\" src=\"http:\/\/hitechas.com\/wp-content\/uploads\/2023\/08\/pip.jpg\" alt=\"\" width=\"\" height=\"0\" loading=\"lazy\"\/><\/div><div class=\"uagb-ifb-title-wrap\"><h6 class=\"uagb-ifb-title\"><a href=\"https:\/\/eu.pipglobal.com\/en\/\">PIP USA Schutzhandschuhe<\/a><\/h6><\/div><\/div><\/div>\n<\/div>\n\n\n\n<div class=\"wp-block-uagb-container uagb-block-27ef260e\">\n<div class=\"wp-block-uagb-info-box uagb-block-fd57f958 uagb-infobox__content-wrap  uagb-infobox-icon-above-title uagb-infobox-image-valign-top\"><div class=\"uagb-ifb-content\"><div class=\"uagb-ifb-image-content\"><img decoding=\"async\" src=\"http:\/\/hitechas.com\/wp-content\/uploads\/2023\/08\/esp.jpg\" alt=\"\" width=\"\" height=\"0\" loading=\"lazy\"\/><\/div><div class=\"uagb-ifb-title-wrap\"><h6 class=\"uagb-ifb-title\"><a href=\"https:\/\/hitechas.com\/?customize_changeset_uuid=94e2f9ed-3a00-4310-8e6f-f01456d630fe&amp;customize_theme=astra&amp;customize_messenger_channel=preview-0#\">Atemschutz<\/a><\/h6><\/div><\/div><\/div>\n<\/div>\n\n\n\n<div class=\"wp-block-uagb-container uagb-block-25590e16\">\n<div class=\"wp-block-uagb-info-box uagb-block-a9230011 uagb-infobox__content-wrap  uagb-infobox-icon-above-title uagb-infobox-image-valign-top\"><div class=\"uagb-ifb-content\"><div class=\"uagb-ifb-image-content\"><img decoding=\"async\" src=\"http:\/\/hitechas.com\/wp-content\/uploads\/2023\/08\/butyl.jpg\" alt=\"\" width=\"\" height=\"0\" loading=\"lazy\"\/><\/div><div class=\"uagb-ifb-title-wrap\"><h6 class=\"uagb-ifb-title\"><a href=\"https:\/\/hitechas.com\/?customize_changeset_uuid=94e2f9ed-3a00-4310-8e6f-f01456d630fe&amp;customize_theme=astra&amp;customize_messenger_channel=preview-0#\">Butyl-Tanks<\/a><\/h6><\/div><\/div><\/div>\n<\/div>\n<\/div><\/div>\n<\/div><\/div>\n\n\n\n<div class=\"wp-block-uagb-container uag-blocks-common-selector uagb-block-d4361547 alignfull uagb-is-root-container\"><div class=\"uagb-container-inner-blocks-wrap\">\n<div class=\"wp-block-uagb-advanced-heading uagb-block-9134f327\"><h2 class=\"uagb-heading-text\">Weltweit erreichbare Qualit\u00e4t<\/h2><\/div>\n<\/div><\/div>\n","protected":false},"excerpt":{"rendered":"<p>Suche &amp; Rettung HITECH Als &#8220;Hitech Search &amp; Rescue&#8221; haben wir mit einem weitreichenden Netzwerk von einem Ende der Welt zum anderen das Ziel, unsere Produkte der gesamten Menschheit zug\u00e4nglich zu machen. Als internationales Expertenteam bieten wir Ihnen unsere hochwertigen Materialien, sorgf\u00e4ltig ausgew\u00e4hlte Produktpalette und schnelle Beschaffungsprozesse an. Wir erweitern die Grenzen der Suche und &hellip;<\/p>\n<p class=\"read-more\"> <a class=\"\" href=\"https:\/\/hitechas.com\/de\/suche-rettung\/\"> <span class=\"screen-reader-text\">Suche &amp; Rettung<\/span> Read More &raquo;<\/a><\/p>\n","protected":false},"author":1,"featured_media":0,"parent":0,"menu_order":0,"comment_status":"closed","ping_status":"closed","template":"","meta":{"_uag_custom_page_level_css":"","site-sidebar-layout":"default","site-content-layout":"","ast-site-content-layout":"full-width-container","site-content-style":"default","site-sidebar-style":"default","ast-global-header-display":"","ast-banner-title-visibility":"disabled","ast-main-header-display":"","ast-hfb-above-header-display":"","ast-hfb-below-header-display":"","ast-hfb-mobile-header-display":"","site-post-title":"disabled","ast-breadcrumbs-content":"","ast-featured-img":"","footer-sml-layout":"","theme-transparent-header-meta":"enabled","adv-header-id-meta":"","stick-header-meta":"","header-above-stick-meta":"","header-main-stick-meta":"","header-below-stick-meta":"","astra-migrate-meta-layouts":"set","footnotes":""},"uagb_featured_image_src":{"full":false,"thumbnail":false,"medium":false,"medium_large":false,"large":false,"1536x1536":false,"2048x2048":false},"uagb_author_info":{"display_name":"mustanoglu.com","author_link":"https:\/\/hitechas.com\/de\/author\/mustanoglu-com\/"},"uagb_comment_info":0,"uagb_excerpt":"Suche &amp; Rettung HITECH Als &#8220;Hitech Search &amp; Rescue&#8221; haben wir mit einem weitreichenden Netzwerk von einem Ende der Welt zum anderen das Ziel, unsere Produkte der gesamten Menschheit zug\u00e4nglich zu machen. Als internationales Expertenteam bieten wir Ihnen unsere hochwertigen Materialien, sorgf\u00e4ltig ausgew\u00e4hlte Produktpalette und schnelle Beschaffungsprozesse an. Wir erweitern die Grenzen der Suche und&hellip;","_links":{"self":[{"href":"https:\/\/hitechas.com\/de\/wp-json\/wp\/v2\/pages\/1400"}],"collection":[{"href":"https:\/\/hitechas.com\/de\/wp-json\/wp\/v2\/pages"}],"about":[{"href":"https:\/\/hitechas.com\/de\/wp-json\/wp\/v2\/types\/page"}],"author":[{"embeddable":true,"href":"https:\/\/hitechas.com\/de\/wp-json\/wp\/v2\/users\/1"}],"replies":[{"embeddable":true,"href":"https:\/\/hitechas.com\/de\/wp-json\/wp\/v2\/comments?post=1400"}],"version-history":[{"count":4,"href":"https:\/\/hitechas.com\/de\/wp-json\/wp\/v2\/pages\/1400\/revisions"}],"predecessor-version":[{"id":1458,"href":"https:\/\/hitechas.com\/de\/wp-json\/wp\/v2\/pages\/1400\/revisions\/1458"}],"wp:attachment":[{"href":"https:\/\/hitechas.com\/de\/wp-json\/wp\/v2\/media?parent=1400"}],"curies":[{"name":"wp","href":"https:\/\/api.w.org\/{rel}","templated":true}]}}